{"id":3058,"date":"2020-01-14T17:46:53","date_gmt":"2020-01-14T10:46:53","guid":{"rendered":"https:\/\/digitalfinance.org.vn\/2024\/?page_id=3058"},"modified":"2024-06-13T16:01:38","modified_gmt":"2024-06-13T09:01:38","slug":"di-chuyen-khach-san","status":"publish","type":"page","link":"https:\/\/digitalfinance.org.vn\/2024\/di-chuyen-khach-san\/","title":{"rendered":"Di chuy\u1ec3n &#038; Kh\u00e1ch s\u1ea1n"},"content":{"rendered":"\t<section class=\"section dark has-parallax\" id=\"section_382032457\">\n\t\t<div class=\"bg section-bg fill bg-fill  \" data-parallax-container=\".section\" data-parallax-background data-parallax=\"-5\">\n\n\t\t\t\n\t\t\t<div class=\"section-bg-overlay absolute fill\"><\/div>\n\t\t\t\n\n\t\t<\/div><!-- .section-bg -->\n\n\t\t<div class=\"section-content relative\">\n\t\t\t\n<div class=\"row\"  id=\"row-604982551\">\n<div class=\"col pb-0 small-12 large-12\"  ><div class=\"col-inner\"  >\n\t<div id=\"gap-413099355\" class=\"gap-element clearfix\" style=\"display:block; height:auto;\">\n\t\t\n<style scope=\"scope\">\n\n#gap-413099355 {\n  padding-top: 20px;\n}\n<\/style>\n\t<\/div>\n\t\n<h3 class=\"ss-title uppercase\">DI CHUY\u1ec2N &#038; KH\u00c1CH S\u1ea0N<\/h3>\n<\/div><\/div>\n<\/div>\n\t\t<\/div><!-- .section-content -->\n\n\t\t\n<style scope=\"scope\">\n\n#section_382032457 {\n  padding-top: 100px;\n  padding-bottom: 100px;\n}\n#section_382032457 .section-bg-overlay {\n  background-color: rgba(0, 0, 0, 0.4);\n}\n#section_382032457 .section-bg.bg-loaded {\n  background-image: url(https:\/\/digitalfinance.org.vn\/2024\/wp-content\/uploads\/2024\/06\/03.-Sponsor-Exhibit-03.png);\n}\n#section_382032457 .section-bg {\n  background-position: 50%50%;\n}\n<\/style>\n\t<\/section>\n\t\n\t<section class=\"section\" id=\"section_1971980487\">\n\t\t<div class=\"bg section-bg fill bg-fill  \" >\n\n\t\t\t\n\t\t\t\n\t\t\t\n\n\t\t<\/div><!-- .section-bg -->\n\n\t\t<div class=\"section-content relative\">\n\t\t\t\n<div class=\"row\"  id=\"row-1438264231\">\n<div class=\"col small-12 large-12\"  ><div class=\"col-inner\"  >\n<h4 class=\"g-title right\"><strong>KH\u00c1CH S\u1ea0N &#8211; MELIA<\/strong><\/h4>\n<\/div><\/div>\n<div class=\"col pb-0 medium-6 small-12 large-6 medium-col-first\"  ><div class=\"col-inner\"  >\n\t<div class=\"img has-hover x md-x lg-x y md-y lg-y\" id=\"image_2017082334\">\n\t\t\t\t\t\t\t\t<div class=\"img-inner image-cover dark\" style=\"padding-top:75%;\">\n\t\t\t<img loading=\"lazy\" decoding=\"async\" width=\"700\" height=\"466\" src=\"https:\/\/digitalfinance.org.vn\/2024\/wp-content\/uploads\/2022\/09\/chien-luoc-marketing-cua-khach-san-melia-11.jpg\" class=\"attachment-large size-large\" alt=\"\" srcset=\"https:\/\/digitalfinance.org.vn\/2024\/wp-content\/uploads\/2022\/09\/chien-luoc-marketing-cua-khach-san-melia-11.jpg 700w, https:\/\/digitalfinance.org.vn\/2024\/wp-content\/uploads\/2022\/09\/chien-luoc-marketing-cua-khach-san-melia-11-300x200.jpg 300w\" sizes=\"(max-width: 700px) 100vw, 700px\" \/>\t\t\t\t\t\t\n\t\t\t\t\t<\/div>\n\t\t\t\t\t\t\t\t\n<style scope=\"scope\">\n\n#image_2017082334 {\n  width: 100%;\n}\n<\/style>\n\t<\/div>\n\t\n<\/div><\/div>\n<div class=\"col pb-0 medium-6 small-12 large-6\"  ><div class=\"col-inner\"  >\n<h2 class=\"ss-s-title\"><span style=\"color: #ffffff;\"><strong>GI\u1edaI THI\u1ec6U MELI\u00c1 HANOI &#8211; KH\u00c1CH S\u1ea0N &#8211; MELIA<\/strong><\/span><\/h2>\n<ul class=\"list-contacts\">\n<li><span style=\"color: #ffffff;\"><i class=\"icon ion-md-pin\"><\/i>44 P. L\u00fd Th\u01b0\u1eddng Ki\u1ec7t, Tr\u1ea7n H\u01b0ng \u0110\u1ea1o, Ho\u00e0n Ki\u1ebfm, H\u00e0 N\u1ed9i<\/span><\/li>\n<li><span style=\"color: #ffffff;\"><i class=\"icon ion-md-phone-portrait\"><\/i>Tel: 024 3934 3343<\/span><\/li>\n<li><span style=\"color: #ffffff;\"><i class=\"icon ion-md-globe\"><\/i> Web: <a style=\"color: #ffffff;\" href=\"https:\/\/www3.melia.com\/vi\/hotels\/vietnam\/hanoi\/melia-hanoi\">https:\/\/www3.melia.com\/vi\/hotels\/vietnam\/hanoi\/melia-hanoi<\/a><\/span><\/li>\n<\/ul>\n<div class=\"is-divider divider clearfix\" style=\"margin-top:1.5em;margin-bottom:1.5em;max-width:100%;height:1px;background-color:rgba(0, 0, 0, 0.1);\"><\/div><!-- .divider -->\n<p><span style=\"color: #ffffff;\">Khi \u0111\u1ebfn th\u0103m th\u1ee7 \u0111\u00f4 c\u1ee7a Vi\u1ec7t Nam, qu\u00fd kh\u00e1ch s\u1ebd c\u1ef1c k\u1ef3 h\u00e0i l\u00f2ng v\u00ec \u0111\u00e3 ch\u1ecdn kh\u00e1ch s\u1ea1n \u0111\u1ea7y \u0111\u1ee7 ti\u1ec7n nghi t\u1ecda l\u1ea1c \u1edf v\u1ecb tr\u00ed c\u1ef1c k\u00ec thu\u1eadn ti\u1ec7n n\u00e0y. V\u1edbi v\u1ecb tr\u00ed \u0111\u1eafc \u0111\u1ecba \u1edf trung t\u00e2m th\u00e0nh ph\u1ed1, kh\u00e1ch s\u1ea1n hi\u1ec7n \u0111\u1ea1i n\u00e0y cung c\u1ea5p c\u00e1c ti\u1ec7n nghi h\u00e0ng \u0111\u1ea7u v\u00e0 d\u1ecbch v\u1ee5 tr\u00ean c\u1ea3 mong \u0111\u1ee3i. C\u01a1 h\u1ed9i tuy\u1ec7t v\u1eddi \u0111\u1ec3 kh\u00e1m ph\u00e1 m\u1ed9t trong nh\u1eefng \u0111i\u1ec3m \u0111\u1ebfn h\u1ea5p d\u1eabn nh\u1ea5t \u0110\u00f4ng Nam \u00c1.<\/span><\/p>\n<div class=\"text___3Ni9w extended___3jFLE\">\n<p><span style=\"color: #ffffff;\">Kh\u00e1ch s\u1ea1n 5 sao n\u00e0y n\u1eb1m g\u1ea7n c\u00e1c \u0111i\u1ec3m tham quan ch\u00ednh trong th\u00e0nh ph\u1ed1. C\u00e1c ph\u00f2ng \u1edf \u0111\u00e2y \u0111\u01b0\u1ee3c thi\u1ebft k\u1ebf \u0111\u1ec3 mang \u0111\u1ebfn cho du kh\u00e1ch c\u1ea3m gi\u00e1c tho\u1ea3i m\u00e1i nh\u1ea5t sau m\u1ed9t ng\u00e0y b\u1eadn r\u1ed9n \u1edf H\u00e0 N\u1ed9i. Qu\u00fd kh\u00e1ch c\u00f3 th\u1ec3 th\u01b0\u1edfng th\u1ee9c h\u01b0\u01a1ng v\u1ecb m\u1edbi t\u1ea1i nh\u00e0 h\u00e0ng El Patio v\u00e0 El Oriental c\u1ee7a Meli\u00e1 H\u00e0 N\u1ed9i. V\u00e0 n\u1ebfu qu\u00fd kh\u00e1ch mu\u1ed1n kh\u00e1m ph\u00e1 th\u00e0nh ph\u1ed1, nh\u00e2n vi\u00ean c\u1ee7a kh\u00e1ch s\u1ea1n s\u1ebd lu\u00f4n s\u1eb5n l\u00f2ng h\u1ed7 tr\u1ee3 v\u1edbi t\u1ea5t c\u1ea3 th\u00f4ng tin c\u1ea7n thi\u1ebft.<\/span><\/p>\n<\/div>\n<\/div><\/div>\n<\/div>\n\n\t\t<\/div><!-- .section-content -->\n\n\t\t\n<style scope=\"scope\">\n\n#section_1971980487 {\n  padding-top: 80px;\n  padding-bottom: 80px;\n}\n#section_1971980487 .section-bg.bg-loaded {\n  background-image: url(https:\/\/digitalfinance.org.vn\/2024\/wp-content\/uploads\/2024\/06\/nen-2-scaled.webp);\n}\n#section_1971980487 .section-bg {\n  background-position: 50% 0%;\n}\n<\/style>\n\t<\/section>\n\t\n\n","protected":false},"excerpt":{"rendered":"","protected":false},"author":4,"featured_media":0,"parent":0,"menu_order":0,"comment_status":"closed","ping_status":"closed","template":"page-blank.php","meta":{"footnotes":""},"yoast_head":"<!-- This site is optimized with the Yoast SEO plugin v22.8 - https:\/\/yoast.com\/wordpress\/plugins\/seo\/ -->\n<title>Di chuy\u1ec3n &amp; Kh\u00e1ch s\u1ea1n - 3rd Vietnam Digital Finance 2024<\/title>\n<meta name=\"robots\" content=\"noindex, follow, max-snippet:-1, max-image-preview:large, max-video-preview:-1\" \/>\n<meta property=\"og:locale\" content=\"vi_VN\" \/>\n<meta property=\"og:type\" content=\"article\" \/>\n<meta property=\"og:title\" content=\"Di chuy\u1ec3n &amp; Kh\u00e1ch s\u1ea1n - 3rd Vietnam Digital Finance 2024\" \/>\n<meta property=\"og:url\" content=\"https:\/\/digitalfinance.org.vn\/2024\/di-chuyen-khach-san\/\" \/>\n<meta property=\"og:site_name\" content=\"3rd Vietnam Digital Finance 2024\" \/>\n<meta property=\"article:modified_time\" content=\"2024-06-13T09:01:38+00:00\" \/>\n<meta name=\"twitter:card\" content=\"summary_large_image\" \/>\n<meta name=\"twitter:label1\" content=\"Est. reading time\" \/>\n\t<meta name=\"twitter:data1\" content=\"4 minutes\" \/>\n<script type=\"application\/ld+json\" class=\"yoast-schema-graph\">{\"@context\":\"https:\/\/schema.org\",\"@graph\":[{\"@type\":\"WebPage\",\"@id\":\"https:\/\/digitalfinance.org.vn\/2024\/di-chuyen-khach-san\/\",\"url\":\"https:\/\/digitalfinance.org.vn\/2024\/di-chuyen-khach-san\/\",\"name\":\"Di chuy\u1ec3n & Kh\u00e1ch s\u1ea1n - 3rd Vietnam Digital Finance 2024\",\"isPartOf\":{\"@id\":\"https:\/\/digitalfinance.org.vn\/2024\/#website\"},\"datePublished\":\"2020-01-14T10:46:53+00:00\",\"dateModified\":\"2024-06-13T09:01:38+00:00\",\"inLanguage\":\"vi-VN\",\"potentialAction\":[{\"@type\":\"ReadAction\",\"target\":[\"https:\/\/digitalfinance.org.vn\/2024\/di-chuyen-khach-san\/\"]}]},{\"@type\":\"WebSite\",\"@id\":\"https:\/\/digitalfinance.org.vn\/2024\/#website\",\"url\":\"https:\/\/digitalfinance.org.vn\/2024\/\",\"name\":\"3rd Vietnam Digital Finance 2024\",\"description\":\"\",\"potentialAction\":[{\"@type\":\"SearchAction\",\"target\":{\"@type\":\"EntryPoint\",\"urlTemplate\":\"https:\/\/digitalfinance.org.vn\/2024\/?s={search_term_string}\"},\"query-input\":\"required name=search_term_string\"}],\"inLanguage\":\"vi-VN\"}]}<\/script>\n<!-- \/ Yoast SEO plugin. -->","yoast_head_json":{"title":"Di chuy\u1ec3n & Kh\u00e1ch s\u1ea1n - 3rd Vietnam Digital Finance 2024","robots":{"index":"noindex","follow":"follow","max-snippet":"max-snippet:-1","max-image-preview":"max-image-preview:large","max-video-preview":"max-video-preview:-1"},"og_locale":"vi_VN","og_type":"article","og_title":"Di chuy\u1ec3n & Kh\u00e1ch s\u1ea1n - 3rd Vietnam Digital Finance 2024","og_url":"https:\/\/digitalfinance.org.vn\/2024\/di-chuyen-khach-san\/","og_site_name":"3rd Vietnam Digital Finance 2024","article_modified_time":"2024-06-13T09:01:38+00:00","twitter_card":"summary_large_image","twitter_misc":{"Est. reading time":"4 minutes"},"schema":{"@context":"https:\/\/schema.org","@graph":[{"@type":"WebPage","@id":"https:\/\/digitalfinance.org.vn\/2024\/di-chuyen-khach-san\/","url":"https:\/\/digitalfinance.org.vn\/2024\/di-chuyen-khach-san\/","name":"Di chuy\u1ec3n & Kh\u00e1ch s\u1ea1n - 3rd Vietnam Digital Finance 2024","isPartOf":{"@id":"https:\/\/digitalfinance.org.vn\/2024\/#website"},"datePublished":"2020-01-14T10:46:53+00:00","dateModified":"2024-06-13T09:01:38+00:00","inLanguage":"vi-VN","potentialAction":[{"@type":"ReadAction","target":["https:\/\/digitalfinance.org.vn\/2024\/di-chuyen-khach-san\/"]}]},{"@type":"WebSite","@id":"https:\/\/digitalfinance.org.vn\/2024\/#website","url":"https:\/\/digitalfinance.org.vn\/2024\/","name":"3rd Vietnam Digital Finance 2024","description":"","potentialAction":[{"@type":"SearchAction","target":{"@type":"EntryPoint","urlTemplate":"https:\/\/digitalfinance.org.vn\/2024\/?s={search_term_string}"},"query-input":"required name=search_term_string"}],"inLanguage":"vi-VN"}]}},"_links":{"self":[{"href":"https:\/\/digitalfinance.org.vn\/2024\/wp-json\/wp\/v2\/pages\/3058"}],"collection":[{"href":"https:\/\/digitalfinance.org.vn\/2024\/wp-json\/wp\/v2\/pages"}],"about":[{"href":"https:\/\/digitalfinance.org.vn\/2024\/wp-json\/wp\/v2\/types\/page"}],"author":[{"embeddable":true,"href":"https:\/\/digitalfinance.org.vn\/2024\/wp-json\/wp\/v2\/users\/4"}],"replies":[{"embeddable":true,"href":"https:\/\/digitalfinance.org.vn\/2024\/wp-json\/wp\/v2\/comments?post=3058"}],"version-history":[{"count":37,"href":"https:\/\/digitalfinance.org.vn\/2024\/wp-json\/wp\/v2\/pages\/3058\/revisions"}],"predecessor-version":[{"id":8108,"href":"https:\/\/digitalfinance.org.vn\/2024\/wp-json\/wp\/v2\/pages\/3058\/revisions\/8108"}],"wp:attachment":[{"href":"https:\/\/digitalfinance.org.vn\/2024\/wp-json\/wp\/v2\/media?parent=3058"}],"curies":[{"name":"wp","href":"https:\/\/api.w.org\/{rel}","templated":true}]}}