{"id":7012,"date":"2023-09-05T05:05:06","date_gmt":"2023-09-04T22:05:06","guid":{"rendered":"https:\/\/digitalfinance.org.vn\/2024\/?page_id=7012"},"modified":"2023-09-20T22:38:47","modified_gmt":"2023-09-20T15:38:47","slug":"ong-nguyen-viet-ha","status":"publish","type":"page","link":"https:\/\/digitalfinance.org.vn\/2024\/ong-nguyen-viet-ha\/","title":{"rendered":"\u00d4ng Nguy\u1ec5n Vi\u1ec7t H\u00e0"},"content":{"rendered":"\t<section class=\"section dark has-parallax\" id=\"section_590077882\">\n\t\t<div class=\"bg section-bg fill bg-fill  \" data-parallax-container=\".section\" data-parallax-background data-parallax=\"-5\">\n\n\t\t\t\n\t\t\t<div class=\"section-bg-overlay absolute fill\"><\/div>\n\t\t\t\n\n\t\t<\/div><!-- .section-bg -->\n\n\t\t<div class=\"section-content relative\">\n\t\t\t\n<div class=\"row\"  id=\"row-1659918939\">\n<div class=\"col pb-0 small-12 large-12\"  ><div class=\"col-inner\"  >\n\t<div id=\"gap-1200000600\" class=\"gap-element clearfix\" style=\"display:block; height:auto;\">\n\t\t\n<style scope=\"scope\">\n\n#gap-1200000600 {\n  padding-top: 20px;\n}\n<\/style>\n\t<\/div>\n\t\n<h3 class=\"ss-title uppercase\">\u00d4ng Nguy\u1ec5n Vi\u1ec7t H\u00e0<\/h3>\n<\/div><\/div>\n<\/div>\n\t\t<\/div><!-- .section-content -->\n\n\t\t\n<style scope=\"scope\">\n\n#section_590077882 {\n  padding-top: 60px;\n  padding-bottom: 60px;\n}\n#section_590077882 .section-bg-overlay {\n  background-color: rgba(0, 0, 0, 0.4);\n}\n#section_590077882 .section-bg.bg-loaded {\n  background-image: url(https:\/\/digitalfinance.org.vn\/2024\/wp-content\/uploads\/2023\/07\/footer1.jpg);\n}\n#section_590077882 .section-bg {\n  background-position: 100% 0%;\n}\n<\/style>\n\t<\/section>\n\t\n\t<section class=\"section section-bg-pattern\" id=\"section_644355712\">\n\t\t<div class=\"bg section-bg fill bg-fill  bg-loaded\" >\n\n\t\t\t\n\t\t\t\n\t\t\t\n\n\t\t<\/div><!-- .section-bg -->\n\n\t\t<div class=\"section-content relative\">\n\t\t\t\n<div class=\"row align-center\"  id=\"row-1916019629\">\n<div class=\"col medium-3 small-12 large-3\"  ><div class=\"col-inner text-shadow-2\"  >\n    <div class=\"box has-hover has-hover box-bounce box-text-bottom\" >\n\n                  <div class=\"box-image \" >\n           <div class=\"box-image-inner image-cover\" style=\"padding-top:100%;\">\n              <img loading=\"lazy\" decoding=\"async\" width=\"320\" height=\"320\" src=\"https:\/\/digitalfinance.org.vn\/2024\/wp-content\/uploads\/2023\/09\/OngNguyenVietHa.png\" class=\"attachment-original size-original\" alt=\"\" srcset=\"https:\/\/digitalfinance.org.vn\/2024\/wp-content\/uploads\/2023\/09\/OngNguyenVietHa.png 320w, https:\/\/digitalfinance.org.vn\/2024\/wp-content\/uploads\/2023\/09\/OngNguyenVietHa-300x300.png 300w, https:\/\/digitalfinance.org.vn\/2024\/wp-content\/uploads\/2023\/09\/OngNguyenVietHa-150x150.png 150w\" sizes=\"(max-width: 320px) 100vw, 320px\" \/>                         <\/div>\n          <\/div><!-- box-image -->\n         \n          <div class=\"box-text text-center\" style=\"background-color:rgb(255, 255, 255);\">\n                <div class=\"box-text-inner\">\n                  <h4 class=\"uppercase\">\n                    <span class=\"person-name\">\u00d4ng Nguy\u1ec5n Vi\u1ec7t H\u00e0<\/span><br\/>\n                    <span class=\"person-title is-small thin-font op-7\">\n                      C\u1ee5c tr\u01b0\u1edfng, C\u1ee5c Tin h\u1ecdc v\u00e0 Th\u1ed1ng k\u00ea t\u00e0i ch\u00ednh, B\u1ed9 T\u00e0i ch\u00ednh                    <\/span>\n                  <\/h4>\n                 <div class=\"social-icons follow-icons\" ><\/div>                 \n                <\/div><!-- box-text-inner -->\n          <\/div><!-- box-text -->\n    <\/div><!-- .box  -->\n\n    \n    \n<\/div><\/div>\n<div class=\"col medium-9 small-12 large-9\"  ><div class=\"col-inner\"  >\n<div class=\"container section-title-container\" ><h3 class=\"section-title section-title-normal\"><b><\/b><span class=\"section-title-main\" style=\"color:rgb(0, 0, 0);\">TI\u1ec2U S\u1eec<\/span><b><\/b><\/h3><\/div><!-- .section-title -->\n<div style=\"text-align: justify;\">\n<div>\u00d4ng Nguy\u1ec5n Vi\u1ec7t H\u00e0 \u2013 C\u1ee5c tr\u01b0\u1edfng C\u1ee5c Tin h\u1ecdc v\u00e0 Th\u1ed1ng k\u00ea t\u00e0i ch\u00ednh \u0111\u00e3 c\u00f3 28 n\u0103m c\u00f4ng t\u00e1c trong ng\u00e0nh T\u00e0i ch\u00ednh<\/div>\n<div>T\u1ea1i C\u1ee5c Tin h\u1ecdc v\u00e0 Th\u1ed1ng k\u00ea t\u00e0i ch\u00ednh \u2013 B\u1ed9 T\u00e0i ch\u00ednh, \u00f4ng Nguy\u1ec5n Vi\u1ec7t H\u00e0 v\u1edbi v\u1ecb tr\u00ed C\u1ee5c tr\u01b0\u1edfng \u0111\u01b0\u1ee3c giao tr\u1ef1c ti\u1ebfp theo d\u00f5i, ch\u1ec9 \u0111\u1ea1o, \u0111i\u1ec1u h\u00e0nh c\u00e1c c\u00f4ng vi\u1ec7c qua nhi\u1ec1u m\u1ea3ng c\u00f4ng vi\u1ec7c nh\u01b0 l\u0129nh v\u1ef1c k\u1ebf ho\u1ea1ch v\u00e0 l\u1eadp d\u1ef1 to\u00e1n trung h\u1ea1n v\u00e0 h\u00e0ng n\u0103m v\u1ec1 \u1ee9ng d\u1ee5ng CNTT- Th\u1ed1ng k\u00ea t\u00e0i ch\u00ednh, Ho\u1ea1t \u0111\u1ed9ng c\u1ee7a Trang \u0111i\u1ec7n t\u1eed n\u1ed9i b\u1ed9, C\u1ed5ng th\u00f4ng tin \u0111i\u1ec7n t\u1eed B\u1ed9 T\u00e0i ch\u00ednh v\u00e0 c\u01a1 s\u1edf d\u1eef li\u1ec7u d\u1ef1 ph\u00f2ng t\u1ea1i Th\u00e0nh ph\u1ed1 H\u1ed3 Ch\u00ed Minh, c\u00f4ng t\u00e1c \u0111\u1ed1i ngo\u1ea1i, ph\u00e1p ch\u1ebf, c\u1ea3i c\u00e1ch h\u00e0nh ch\u00ednh L\u0129nh v\u1ef1c h\u00e0nh ch\u00ednh, v\u0103n ph\u00f2ng; C\u00f4ng t\u00e1c \u0111\u1ed1i ngo\u1ea1i, h\u1ee3p t\u00e1c qu\u1ed1c t\u1ebf, ph\u00e1p ch\u1ebf, c\u1ea3i c\u00e1ch h\u00e0nh ch\u00ednh, L\u0129nh v\u1ef1c qu\u1ea3n l\u00fd \u1ee9ng d\u1ee5ng CNTT, \u0111\u1eb7c bi\u1ec7t l\u00e0 Chuy\u1ec3n \u0111\u1ed5i s\u1ed1 ng\u00e0nh T\u00e0i ch\u00ednh<\/div>\n<div>\u00a0<\/div>\n<div>L\u00e0 th\u00e0nh vi\u00ean T\u1ed5 gi\u00fap vi\u1ec7c ban ch\u1ec9 \u0111\u1ea1o chuy\u1ec3n \u0111\u1ed5i s\u1ed1 c\u1ee7a B\u1ed9 T\u00e0i ch\u00ednh, \u00d4ng Nguy\u1ec5n Vi\u1ec7t H\u00e0 \u0111\u00e3 tham gia tr\u1ef1c ti\u1ebfp v\u00e0 ch\u1ec9 \u0111\u1ea1o t\u1ed5 ch\u1ee9c tri\u1ec3n khai vi\u1ec7c \u1ee9ng d\u1ee5ng c\u00f4ng ngh\u1ec7 th\u00f4ng tin t\u1ea1i c\u01a1 quan B\u1ed9 T\u00e0i ch\u00ednh trong \u0111\u00f3 bao g\u1ed3m:<\/div>\n<div>1. Ch\u1ec9 \u0111\u1ea1o x\u00e2y d\u1ef1ng c\u01a1 ch\u1ebf ch\u00ednh s\u00e1ch: C\u00e1c quy \u0111\u1ecbnh, quy ch\u1ebf qu\u1ea3n l\u00fd v\u1eadn h\u00e0nh, ch\u01b0\u01a1ng tr\u00ecnh k\u1ebf ho\u1ea1ch h\u00e0nh \u0111\u1ed9ng tri\u1ec3n khai CMCN 4.0, Ch\u00ednh ph\u1ee7 \u0111i\u1ec7n t\u1eed v\u00e0 m\u1edbi \u0111\u00e2y nh\u1ea5t l\u00e0 c\u00e1c ch\u01b0\u01a1ng tr\u00ecnh k\u1ebf ho\u1ea1ch, h\u00e0nh \u0111\u1ed9ng v\u1ec1 chuy\u1ec3n \u0111\u1ed5i s\u1ed1.<\/div>\n<div>2. Ch\u1ec9 \u0111\u1ea1o t\u1ed5 ch\u1ee9c Tri\u1ec3n khai c\u00e1c d\u1ef1 \u00e1n, nhi\u1ec7m v\u1ee5 v\u1ec1 ph\u00e1t tri\u1ec3n \u1ee9ng d\u1ee5ng c\u00f4ng ngh\u1ec7 th\u00f4ng tin (ch\u01b0\u01a1ng tr\u00ecnh qu\u1ea3n l\u00fd v\u0103n b\u1ea3n \u0111i\u1ec1u h\u00e0nh, ph\u1ea7n m\u1ec1m qu\u1ea3n l\u00fd c\u00e1n b\u1ed9, CSDL qu\u1ed1c gia v\u1ec1 gi\u00e1, CSDL danh m\u1ee5c d\u00f9ng chung, tr\u1ee5c li\u00ean th\u00f4ng v\u0103n b\u1ea3n \u0111i\u1ec7n t\u1eed ng\u00e0nh t\u00e0i ch\u00ednh &#8230;) c\u1ed5ng th\u00f4ng tin \u0111i\u1ec7n t\u1eed v\u00e0 c\u00e1c d\u1ecbch v\u1ee5 c\u00f4ng t\u1ea1i c\u01a1 quan B\u1ed9 T\u00e0i ch\u00ednh\u2026<\/div>\n<\/div>\n<\/div><\/div>\n\n<style scope=\"scope\">\n\n<\/style>\n<\/div>\n\t\t<\/div><!-- .section-content -->\n\n\t\t\n<style scope=\"scope\">\n\n#section_644355712 {\n  padding-top: 40px;\n  padding-bottom: 40px;\n}\n<\/style>\n\t<\/section>\n\t\n","protected":false},"excerpt":{"rendered":"","protected":false},"author":4,"featured_media":0,"parent":0,"menu_order":0,"comment_status":"closed","ping_status":"closed","template":"page-blank.php","meta":{"footnotes":""},"yoast_head":"<!-- This site is optimized with the Yoast SEO plugin v22.8 - https:\/\/yoast.com\/wordpress\/plugins\/seo\/ -->\n<title>\u00d4ng Nguy\u1ec5n Vi\u1ec7t H\u00e0 - 3rd Vietnam Digital Finance 2024<\/title>\n<meta name=\"robots\" content=\"noindex, follow, max-snippet:-1, max-image-preview:large, max-video-preview:-1\" \/>\n<meta property=\"og:locale\" content=\"vi_VN\" \/>\n<meta property=\"og:type\" content=\"article\" \/>\n<meta property=\"og:title\" content=\"\u00d4ng Nguy\u1ec5n Vi\u1ec7t H\u00e0 - 3rd Vietnam Digital Finance 2024\" \/>\n<meta property=\"og:url\" content=\"https:\/\/digitalfinance.org.vn\/2024\/ong-nguyen-viet-ha\/\" \/>\n<meta property=\"og:site_name\" content=\"3rd Vietnam Digital Finance 2024\" \/>\n<meta property=\"article:modified_time\" content=\"2023-09-20T15:38:47+00:00\" \/>\n<meta name=\"twitter:card\" content=\"summary_large_image\" \/>\n<meta name=\"twitter:label1\" content=\"Est. reading time\" \/>\n\t<meta name=\"twitter:data1\" content=\"1 minute\" \/>\n<script type=\"application\/ld+json\" class=\"yoast-schema-graph\">{\"@context\":\"https:\/\/schema.org\",\"@graph\":[{\"@type\":\"WebPage\",\"@id\":\"https:\/\/digitalfinance.org.vn\/2024\/ong-nguyen-viet-ha\/\",\"url\":\"https:\/\/digitalfinance.org.vn\/2024\/ong-nguyen-viet-ha\/\",\"name\":\"\u00d4ng Nguy\u1ec5n Vi\u1ec7t H\u00e0 - 3rd Vietnam Digital Finance 2024\",\"isPartOf\":{\"@id\":\"https:\/\/digitalfinance.org.vn\/2024\/#website\"},\"datePublished\":\"2023-09-04T22:05:06+00:00\",\"dateModified\":\"2023-09-20T15:38:47+00:00\",\"inLanguage\":\"vi-VN\",\"potentialAction\":[{\"@type\":\"ReadAction\",\"target\":[\"https:\/\/digitalfinance.org.vn\/2024\/ong-nguyen-viet-ha\/\"]}]},{\"@type\":\"WebSite\",\"@id\":\"https:\/\/digitalfinance.org.vn\/2024\/#website\",\"url\":\"https:\/\/digitalfinance.org.vn\/2024\/\",\"name\":\"3rd Vietnam Digital Finance 2024\",\"description\":\"\",\"potentialAction\":[{\"@type\":\"SearchAction\",\"target\":{\"@type\":\"EntryPoint\",\"urlTemplate\":\"https:\/\/digitalfinance.org.vn\/2024\/?s={search_term_string}\"},\"query-input\":\"required name=search_term_string\"}],\"inLanguage\":\"vi-VN\"}]}<\/script>\n<!-- \/ Yoast SEO plugin. -->","yoast_head_json":{"title":"\u00d4ng Nguy\u1ec5n Vi\u1ec7t H\u00e0 - 3rd Vietnam Digital Finance 2024","robots":{"index":"noindex","follow":"follow","max-snippet":"max-snippet:-1","max-image-preview":"max-image-preview:large","max-video-preview":"max-video-preview:-1"},"og_locale":"vi_VN","og_type":"article","og_title":"\u00d4ng Nguy\u1ec5n Vi\u1ec7t H\u00e0 - 3rd Vietnam Digital Finance 2024","og_url":"https:\/\/digitalfinance.org.vn\/2024\/ong-nguyen-viet-ha\/","og_site_name":"3rd Vietnam Digital Finance 2024","article_modified_time":"2023-09-20T15:38:47+00:00","twitter_card":"summary_large_image","twitter_misc":{"Est. reading time":"1 minute"},"schema":{"@context":"https:\/\/schema.org","@graph":[{"@type":"WebPage","@id":"https:\/\/digitalfinance.org.vn\/2024\/ong-nguyen-viet-ha\/","url":"https:\/\/digitalfinance.org.vn\/2024\/ong-nguyen-viet-ha\/","name":"\u00d4ng Nguy\u1ec5n Vi\u1ec7t H\u00e0 - 3rd Vietnam Digital Finance 2024","isPartOf":{"@id":"https:\/\/digitalfinance.org.vn\/2024\/#website"},"datePublished":"2023-09-04T22:05:06+00:00","dateModified":"2023-09-20T15:38:47+00:00","inLanguage":"vi-VN","potentialAction":[{"@type":"ReadAction","target":["https:\/\/digitalfinance.org.vn\/2024\/ong-nguyen-viet-ha\/"]}]},{"@type":"WebSite","@id":"https:\/\/digitalfinance.org.vn\/2024\/#website","url":"https:\/\/digitalfinance.org.vn\/2024\/","name":"3rd Vietnam Digital Finance 2024","description":"","potentialAction":[{"@type":"SearchAction","target":{"@type":"EntryPoint","urlTemplate":"https:\/\/digitalfinance.org.vn\/2024\/?s={search_term_string}"},"query-input":"required name=search_term_string"}],"inLanguage":"vi-VN"}]}},"_links":{"self":[{"href":"https:\/\/digitalfinance.org.vn\/2024\/wp-json\/wp\/v2\/pages\/7012"}],"collection":[{"href":"https:\/\/digitalfinance.org.vn\/2024\/wp-json\/wp\/v2\/pages"}],"about":[{"href":"https:\/\/digitalfinance.org.vn\/2024\/wp-json\/wp\/v2\/types\/page"}],"author":[{"embeddable":true,"href":"https:\/\/digitalfinance.org.vn\/2024\/wp-json\/wp\/v2\/users\/4"}],"replies":[{"embeddable":true,"href":"https:\/\/digitalfinance.org.vn\/2024\/wp-json\/wp\/v2\/comments?post=7012"}],"version-history":[{"count":10,"href":"https:\/\/digitalfinance.org.vn\/2024\/wp-json\/wp\/v2\/pages\/7012\/revisions"}],"predecessor-version":[{"id":7824,"href":"https:\/\/digitalfinance.org.vn\/2024\/wp-json\/wp\/v2\/pages\/7012\/revisions\/7824"}],"wp:attachment":[{"href":"https:\/\/digitalfinance.org.vn\/2024\/wp-json\/wp\/v2\/media?parent=7012"}],"curies":[{"name":"wp","href":"https:\/\/api.w.org\/{rel}","templated":true}]}}