{"id":7028,"date":"2023-09-05T05:21:20","date_gmt":"2023-09-04T22:21:20","guid":{"rendered":"https:\/\/digitalfinance.org.vn\/2024\/?page_id=7028"},"modified":"2024-08-28T10:24:43","modified_gmt":"2024-08-28T03:24:43","slug":"ba-bui-thi-hoa","status":"publish","type":"page","link":"https:\/\/digitalfinance.org.vn\/2024\/ba-bui-thi-hoa\/","title":{"rendered":"B\u00e0 B\u00f9i Th\u1ecb H\u00f2a"},"content":{"rendered":"\t<section class=\"section dark has-parallax\" id=\"section_356349079\">\n\t\t<div class=\"bg section-bg fill bg-fill  \" data-parallax-container=\".section\" data-parallax-background data-parallax=\"-5\">\n\n\t\t\t\n\t\t\t<div class=\"section-bg-overlay absolute fill\"><\/div>\n\t\t\t\n\n\t\t<\/div><!-- .section-bg -->\n\n\t\t<div class=\"section-content relative\">\n\t\t\t\n<div class=\"row\"  id=\"row-246636001\">\n<div class=\"col pb-0 small-12 large-12\"  ><div class=\"col-inner\"  >\n\t<div id=\"gap-843435119\" class=\"gap-element clearfix\" style=\"display:block; height:auto;\">\n\t\t\n<style scope=\"scope\">\n\n#gap-843435119 {\n  padding-top: 20px;\n}\n<\/style>\n\t<\/div>\n\t\n<h3 class=\"ss-title uppercase\">B\u00e0 B\u00f9i Th\u1ecb H\u00f2a<\/h3>\n<\/div><\/div>\n<\/div>\n\t\t<\/div><!-- .section-content -->\n\n\t\t\n<style scope=\"scope\">\n\n#section_356349079 {\n  padding-top: 60px;\n  padding-bottom: 60px;\n}\n#section_356349079 .section-bg-overlay {\n  background-color: rgba(0, 0, 0, 0.4);\n}\n#section_356349079 .section-bg.bg-loaded {\n  background-image: url(https:\/\/digitalfinance.org.vn\/2024\/wp-content\/uploads\/2023\/07\/footer1.jpg);\n}\n#section_356349079 .section-bg {\n  background-position: 100% 0%;\n}\n<\/style>\n\t<\/section>\n\t\n\t<section class=\"section section-bg-pattern\" id=\"section_44197011\">\n\t\t<div class=\"bg section-bg fill bg-fill  bg-loaded\" >\n\n\t\t\t\n\t\t\t\n\t\t\t\n\n\t\t<\/div><!-- .section-bg -->\n\n\t\t<div class=\"section-content relative\">\n\t\t\t\n<div class=\"row align-center\"  id=\"row-1629844759\">\n<div class=\"col medium-3 small-12 large-3\"  ><div class=\"col-inner text-shadow-2\"  >\n    <div class=\"box has-hover has-hover box-bounce box-text-bottom\" >\n\n                  <div class=\"box-image \" >\n           <div class=\"box-image-inner image-cover\" style=\"padding-top:100%;\">\n              <img loading=\"lazy\" decoding=\"async\" width=\"320\" height=\"320\" src=\"https:\/\/digitalfinance.org.vn\/2024\/wp-content\/uploads\/2024\/08\/Ba-Bui-Thi-Hoa.png\" class=\"attachment-original size-original\" alt=\"\" srcset=\"https:\/\/digitalfinance.org.vn\/2024\/wp-content\/uploads\/2024\/08\/Ba-Bui-Thi-Hoa.png 320w, https:\/\/digitalfinance.org.vn\/2024\/wp-content\/uploads\/2024\/08\/Ba-Bui-Thi-Hoa-300x300.png 300w, https:\/\/digitalfinance.org.vn\/2024\/wp-content\/uploads\/2024\/08\/Ba-Bui-Thi-Hoa-150x150.png 150w\" sizes=\"(max-width: 320px) 100vw, 320px\" \/>                         <\/div>\n          <\/div><!-- box-image -->\n         \n          <div class=\"box-text text-center\" style=\"background-color:rgb(255, 255, 255);\">\n                <div class=\"box-text-inner\">\n                  <h4 class=\"uppercase\">\n                    <span class=\"person-name\">B\u00e0 B\u00f9i Th\u1ecb H\u00f2a<\/span><br\/>\n                    <span class=\"person-title is-small thin-font op-7\">\n                      Gi\u00e1m \u0111\u1ed1c Chi\u1ebfn l\u01b0\u1ee3c, C\u00f4ng ty An ninh m\u1ea1ng Viettel                    <\/span>\n                  <\/h4>\n                 <div class=\"social-icons follow-icons\" ><\/div>                 \n                <\/div><!-- box-text-inner -->\n          <\/div><!-- box-text -->\n    <\/div><!-- .box  -->\n\n    \n    \n<\/div><\/div>\n<div class=\"col medium-9 small-12 large-9\"  ><div class=\"col-inner\"  >\n<div class=\"container section-title-container\" ><h3 class=\"section-title section-title-normal\"><b><\/b><span class=\"section-title-main\" style=\"color:rgb(0, 0, 0);\">TI\u1ec2U S\u1eec<\/span><b><\/b><\/h3><\/div><!-- .section-title -->\n<p>B\u00e0 H\u00f2a c\u00f3 h\u01a1n 10 n\u0103m kinh nghi\u1ec7m l\u00e0m trong l\u0129nh v\u1ef1c c\u00f4ng ngh\u1ec7. Hi\u1ec7n t\u1ea1i, b\u00e0 ch\u1ecbu tr\u00e1ch nhi\u1ec7m nghi\u00ean c\u1ee9u xu th\u1ebf th\u1ecb tr\u01b0\u1eddng, h\u1ee3p t\u00e1c \u0111\u1ed1i ngo\u1ea1i \u0111\u1ec3 t\u1eeb \u0111\u00f3 l\u00ean chi\u1ebfn l\u01b0\u1ee3c ph\u00e1t tri\u1ec3n kinh doanh v\u00e0 x\u00e2y d\u1ef1ng, ph\u00e1t tri\u1ec3n c\u00e1c s\u1ea3n ph\u1ea9m, d\u1ecbch v\u1ee5 an to\u00e0n th\u00f4ng tin cho C\u00f4ng ty An ninh m\u1ea1ng Viettel.\u00a0<\/p>\n<p>Trong th\u1eddi gian l\u00e0m vi\u1ec7c t\u1ea1i Viettel, b\u00e0 \u0111\u00e3 tham gia t\u01b0 v\u1ea5n, l\u00ean chi\u1ebfn l\u01b0\u1ee3c \u0111\u1ea7u t\u01b0 an to\u00e0n th\u00f4ng tin cho c\u00e1c doanh nghi\u1ec7p, t\u1ed5 ch\u1ee9c l\u1edbn t\u1ea1i Vi\u1ec7t Nam, gi\u00fap c\u00e1c kh\u00e1ch h\u00e0ng t\u1ed1i \u01b0u hi\u1ec7u qu\u1ea3 \u0111\u1ea7u t\u01b0 l\u00ean t\u1edbi 60%.<\/p>\n<p>B\u00e0 H\u00f2a t\u1ed1t nghi\u1ec7p th\u1ea1c s\u0129 chuy\u00ean ng\u00e0nh International Marketing and Business Development t\u1ea1i tr\u01b0\u1eddng \u0111\u1ea1i h\u1ecdc SKEMA Business School &#8211; Ph\u00e1p v\u00e0 c\u00f3 ch\u1ee9ng ch\u1ec9 Certified Ethical Hacker &#8211; m\u1ed9t ch\u1ee9ng ch\u1ec9 chuy\u00ean ng\u00e0nh uy t\u00edn trong l\u0129nh v\u1ef1c an ninh m\u1ea1ng.<\/p>\n<div class=\"text-center\"><div class=\"is-divider divider clearfix\" style=\"max-width:30%;height:2px;background-color:rgb(218, 80, 3);\"><\/div><\/div><!-- .divider -->\n<div class=\"container section-title-container\" ><h3 class=\"section-title section-title-normal\"><b><\/b><span class=\"section-title-main\" style=\"color:rgb(0, 0, 0);\">CH\u1ee6 \u0110\u1ec0 TR\u00ccNH B\u00c0Y<\/span><b><\/b><\/h3><\/div><!-- .section-title -->\n<p>T\u1ea5n c\u00f4ng Ransomware v\u00e0 x\u00e2y d\u1ef1ng chi\u1ebfn l\u01b0\u1ee3c \u1ee9ng ph\u00f3 t\u1eeb ng\u1eafn h\u1ea1n \u0111\u1ebfn d\u00e0i h\u1ea1n<\/p>\n<div class=\"text-center\"><div class=\"is-divider divider clearfix\" style=\"max-width:30%;height:2px;background-color:rgb(218, 80, 3);\"><\/div><\/div><!-- .divider -->\n<div class=\"container section-title-container\" ><h3 class=\"section-title section-title-normal\"><b><\/b><span class=\"section-title-main\" style=\"color:rgb(0, 0, 0);\">T\u00d3M T\u1eaeT TR\u00ccNH B\u00c0Y<\/span><b><\/b><\/h3><\/div><!-- .section-title -->\n<p>B\u00e0i tr\u00ecnh b\u00e0y s\u1ebd cung c\u1ea5p m\u1ed9t b\u1ee9c tranh to\u00e0n c\u1ea3nh v\u1ec1 th\u1ef1c tr\u1ea1ng t\u1ea5n c\u00f4ng Ransomware \u1ea3nh h\u01b0\u1edfng t\u1edbi c\u00e1c doanh nghi\u1ec7p, t\u1ed5 ch\u1ee9c t\u1ea1i Vi\u1ec7t Nam trong n\u0103m 2024; v\u00e0 ch\u1ec9 ra c\u00e1c nguy\u00ean nh\u00e2n, l\u1ed7 h\u1ed5ng khi\u1ebfn c\u00e1c doanh nghi\u1ec7p c\u00f3 th\u1ec3 tr\u1edf th\u00e0nh n\u1ea1n nh\u00e2n c\u1ee7a Ransomware. B\u00e0i tr\u00ecnh b\u00e0y c\u00f2n t\u1eadp trung ph\u00e2n t\u00edch c\u00e1c v\u1ea5n \u0111\u1ec1 n\u1ed9i t\u1ea1i, th\u00e1ch th\u1ee9c c\u1ee7a doanh nghi\u1ec7p trong vi\u1ec7c \u0111\u1ea3m b\u1ea3o ATTT. \u0110\u1ec3 t\u1eeb \u0111\u00f3, \u0111\u1ec1 xu\u1ea5t ph\u01b0\u01a1ng \u00e1n \u1ee9ng ph\u00f3 t\u1eeb ng\u1eafn h\u1ea1n \u0111\u1ebfn d\u00e0i h\u1ea1n hi\u1ec7u qu\u1ea3 cho c\u00e1c doanh nghi\u1ec7p, t\u1ed5 ch\u1ee9c.<\/p>\n<\/div><\/div>\n\n<style scope=\"scope\">\n\n<\/style>\n<\/div>\n\t\t<\/div><!-- .section-content -->\n\n\t\t\n<style scope=\"scope\">\n\n#section_44197011 {\n  padding-top: 40px;\n  padding-bottom: 40px;\n}\n<\/style>\n\t<\/section>\n\t\n","protected":false},"excerpt":{"rendered":"","protected":false},"author":4,"featured_media":0,"parent":0,"menu_order":0,"comment_status":"closed","ping_status":"closed","template":"page-blank.php","meta":{"footnotes":""},"yoast_head":"<!-- This site is optimized with the Yoast SEO plugin v22.8 - https:\/\/yoast.com\/wordpress\/plugins\/seo\/ -->\n<title>B\u00e0 B\u00f9i Th\u1ecb H\u00f2a - 3rd Vietnam Digital Finance 2024<\/title>\n<meta name=\"robots\" content=\"noindex, follow, max-snippet:-1, max-image-preview:large, max-video-preview:-1\" \/>\n<meta property=\"og:locale\" content=\"vi_VN\" \/>\n<meta property=\"og:type\" content=\"article\" \/>\n<meta property=\"og:title\" content=\"B\u00e0 B\u00f9i Th\u1ecb H\u00f2a - 3rd Vietnam Digital Finance 2024\" \/>\n<meta property=\"og:url\" content=\"https:\/\/digitalfinance.org.vn\/2024\/ba-bui-thi-hoa\/\" \/>\n<meta property=\"og:site_name\" content=\"3rd Vietnam Digital Finance 2024\" \/>\n<meta property=\"article:modified_time\" content=\"2024-08-28T03:24:43+00:00\" \/>\n<meta name=\"twitter:card\" content=\"summary_large_image\" \/>\n<meta name=\"twitter:label1\" content=\"Est. reading time\" \/>\n\t<meta name=\"twitter:data1\" content=\"3 minutes\" \/>\n<script type=\"application\/ld+json\" class=\"yoast-schema-graph\">{\"@context\":\"https:\/\/schema.org\",\"@graph\":[{\"@type\":\"WebPage\",\"@id\":\"https:\/\/digitalfinance.org.vn\/2024\/ba-bui-thi-hoa\/\",\"url\":\"https:\/\/digitalfinance.org.vn\/2024\/ba-bui-thi-hoa\/\",\"name\":\"B\u00e0 B\u00f9i Th\u1ecb H\u00f2a - 3rd Vietnam Digital Finance 2024\",\"isPartOf\":{\"@id\":\"https:\/\/digitalfinance.org.vn\/2024\/#website\"},\"datePublished\":\"2023-09-04T22:21:20+00:00\",\"dateModified\":\"2024-08-28T03:24:43+00:00\",\"inLanguage\":\"vi-VN\",\"potentialAction\":[{\"@type\":\"ReadAction\",\"target\":[\"https:\/\/digitalfinance.org.vn\/2024\/ba-bui-thi-hoa\/\"]}]},{\"@type\":\"WebSite\",\"@id\":\"https:\/\/digitalfinance.org.vn\/2024\/#website\",\"url\":\"https:\/\/digitalfinance.org.vn\/2024\/\",\"name\":\"3rd Vietnam Digital Finance 2024\",\"description\":\"\",\"potentialAction\":[{\"@type\":\"SearchAction\",\"target\":{\"@type\":\"EntryPoint\",\"urlTemplate\":\"https:\/\/digitalfinance.org.vn\/2024\/?s={search_term_string}\"},\"query-input\":\"required name=search_term_string\"}],\"inLanguage\":\"vi-VN\"}]}<\/script>\n<!-- \/ Yoast SEO plugin. -->","yoast_head_json":{"title":"B\u00e0 B\u00f9i Th\u1ecb H\u00f2a - 3rd Vietnam Digital Finance 2024","robots":{"index":"noindex","follow":"follow","max-snippet":"max-snippet:-1","max-image-preview":"max-image-preview:large","max-video-preview":"max-video-preview:-1"},"og_locale":"vi_VN","og_type":"article","og_title":"B\u00e0 B\u00f9i Th\u1ecb H\u00f2a - 3rd Vietnam Digital Finance 2024","og_url":"https:\/\/digitalfinance.org.vn\/2024\/ba-bui-thi-hoa\/","og_site_name":"3rd Vietnam Digital Finance 2024","article_modified_time":"2024-08-28T03:24:43+00:00","twitter_card":"summary_large_image","twitter_misc":{"Est. reading time":"3 minutes"},"schema":{"@context":"https:\/\/schema.org","@graph":[{"@type":"WebPage","@id":"https:\/\/digitalfinance.org.vn\/2024\/ba-bui-thi-hoa\/","url":"https:\/\/digitalfinance.org.vn\/2024\/ba-bui-thi-hoa\/","name":"B\u00e0 B\u00f9i Th\u1ecb H\u00f2a - 3rd Vietnam Digital Finance 2024","isPartOf":{"@id":"https:\/\/digitalfinance.org.vn\/2024\/#website"},"datePublished":"2023-09-04T22:21:20+00:00","dateModified":"2024-08-28T03:24:43+00:00","inLanguage":"vi-VN","potentialAction":[{"@type":"ReadAction","target":["https:\/\/digitalfinance.org.vn\/2024\/ba-bui-thi-hoa\/"]}]},{"@type":"WebSite","@id":"https:\/\/digitalfinance.org.vn\/2024\/#website","url":"https:\/\/digitalfinance.org.vn\/2024\/","name":"3rd Vietnam Digital Finance 2024","description":"","potentialAction":[{"@type":"SearchAction","target":{"@type":"EntryPoint","urlTemplate":"https:\/\/digitalfinance.org.vn\/2024\/?s={search_term_string}"},"query-input":"required name=search_term_string"}],"inLanguage":"vi-VN"}]}},"_links":{"self":[{"href":"https:\/\/digitalfinance.org.vn\/2024\/wp-json\/wp\/v2\/pages\/7028"}],"collection":[{"href":"https:\/\/digitalfinance.org.vn\/2024\/wp-json\/wp\/v2\/pages"}],"about":[{"href":"https:\/\/digitalfinance.org.vn\/2024\/wp-json\/wp\/v2\/types\/page"}],"author":[{"embeddable":true,"href":"https:\/\/digitalfinance.org.vn\/2024\/wp-json\/wp\/v2\/users\/4"}],"replies":[{"embeddable":true,"href":"https:\/\/digitalfinance.org.vn\/2024\/wp-json\/wp\/v2\/comments?post=7028"}],"version-history":[{"count":9,"href":"https:\/\/digitalfinance.org.vn\/2024\/wp-json\/wp\/v2\/pages\/7028\/revisions"}],"predecessor-version":[{"id":8560,"href":"https:\/\/digitalfinance.org.vn\/2024\/wp-json\/wp\/v2\/pages\/7028\/revisions\/8560"}],"wp:attachment":[{"href":"https:\/\/digitalfinance.org.vn\/2024\/wp-json\/wp\/v2\/media?parent=7028"}],"curies":[{"name":"wp","href":"https:\/\/api.w.org\/{rel}","templated":true}]}}