{"id":7162,"date":"2023-09-06T12:16:00","date_gmt":"2023-09-06T05:16:00","guid":{"rendered":"https:\/\/digitalfinance.org.vn\/2024\/?page_id=7162"},"modified":"2024-09-18T17:41:05","modified_gmt":"2024-09-18T10:41:05","slug":"ong-le-thai-hung","status":"publish","type":"page","link":"https:\/\/digitalfinance.org.vn\/2024\/ong-le-thai-hung\/","title":{"rendered":"\u00d4ng L\u00ea Th\u00e1i H\u01b0ng"},"content":{"rendered":"\t<section class=\"section dark has-parallax\" id=\"section_475985119\">\n\t\t<div class=\"bg section-bg fill bg-fill  \" data-parallax-container=\".section\" data-parallax-background data-parallax=\"-5\">\n\n\t\t\t\n\t\t\t<div class=\"section-bg-overlay absolute fill\"><\/div>\n\t\t\t\n\n\t\t<\/div><!-- .section-bg -->\n\n\t\t<div class=\"section-content relative\">\n\t\t\t\n<div class=\"row\"  id=\"row-1745527464\">\n<div class=\"col pb-0 small-12 large-12\"  ><div class=\"col-inner\"  >\n\t<div id=\"gap-2106718604\" class=\"gap-element clearfix\" style=\"display:block; height:auto;\">\n\t\t\n<style scope=\"scope\">\n\n#gap-2106718604 {\n  padding-top: 20px;\n}\n<\/style>\n\t<\/div>\n\t\n<h3 class=\"ss-title uppercase\">\u00d4NG L\u00ca TH\u00c1I H\u01afNG<\/h3>\n<\/div><\/div>\n<\/div>\n\t\t<\/div><!-- .section-content -->\n\n\t\t\n<style scope=\"scope\">\n\n#section_475985119 {\n  padding-top: 60px;\n  padding-bottom: 60px;\n}\n#section_475985119 .section-bg-overlay {\n  background-color: rgba(0, 0, 0, 0.4);\n}\n#section_475985119 .section-bg.bg-loaded {\n  background-image: url(https:\/\/digitalfinance.org.vn\/2024\/wp-content\/uploads\/2023\/07\/footer1.jpg);\n}\n#section_475985119 .section-bg {\n  background-position: 100% 0%;\n}\n<\/style>\n\t<\/section>\n\t\n\t<section class=\"section section-bg-pattern\" id=\"section_376418108\">\n\t\t<div class=\"bg section-bg fill bg-fill  bg-loaded\" >\n\n\t\t\t\n\t\t\t\n\t\t\t\n\n\t\t<\/div><!-- .section-bg -->\n\n\t\t<div class=\"section-content relative\">\n\t\t\t\n<div class=\"row align-center\"  id=\"row-1922686149\">\n<div class=\"col medium-3 small-12 large-3\"  ><div class=\"col-inner text-shadow-2\"  >\n    <div class=\"box has-hover has-hover box-bounce box-text-bottom\" >\n\n                  <div class=\"box-image \" >\n           <div class=\"box-image-inner image-cover\" style=\"padding-top:100%;\">\n              <img loading=\"lazy\" decoding=\"async\" width=\"320\" height=\"320\" src=\"https:\/\/digitalfinance.org.vn\/2024\/wp-content\/uploads\/2024\/09\/Mr.-Le-Thai-Hung.png\" class=\"attachment-original size-original\" alt=\"\" srcset=\"https:\/\/digitalfinance.org.vn\/2024\/wp-content\/uploads\/2024\/09\/Mr.-Le-Thai-Hung.png 320w, https:\/\/digitalfinance.org.vn\/2024\/wp-content\/uploads\/2024\/09\/Mr.-Le-Thai-Hung-300x300.png 300w, https:\/\/digitalfinance.org.vn\/2024\/wp-content\/uploads\/2024\/09\/Mr.-Le-Thai-Hung-150x150.png 150w\" sizes=\"(max-width: 320px) 100vw, 320px\" \/>                         <\/div>\n          <\/div><!-- box-image -->\n         \n          <div class=\"box-text text-center\" style=\"background-color:rgb(255, 255, 255);\">\n                <div class=\"box-text-inner\">\n                  <h4 class=\"uppercase\">\n                    <span class=\"person-name\">\u00d4ng L\u00ea Th\u00e1i H\u01b0ng<\/span><br\/>\n                    <span class=\"person-title is-small thin-font op-7\">\n                      Gi\u00e1m \u0111\u1ed1c chi\u1ebfn l\u01b0\u1ee3c h\u1ec7 sinh th\u00e1i VNPT AI, Trung t\u00e2m S\u00e1ng T\u1ea1o, C\u00f4ng ty VNPT IT                    <\/span>\n                  <\/h4>\n                 <div class=\"social-icons follow-icons\" ><\/div>                 \n                <\/div><!-- box-text-inner -->\n          <\/div><!-- box-text -->\n    <\/div><!-- .box  -->\n\n    \n    \n<\/div><\/div>\n<div class=\"col medium-9 small-12 large-9\"  ><div class=\"col-inner\"  >\n<div class=\"container section-title-container\" ><h3 class=\"section-title section-title-normal\"><b><\/b><span class=\"section-title-main\" style=\"color:rgb(0, 0, 0);\">TI\u1ec2U S\u1eec<\/span><b><\/b><\/h3><\/div><!-- .section-title -->\n<p>Ti\u1ebfn s\u0129 L\u00ea Th\u00e1i H\u01b0ng hi\u1ec7n l\u00e0 Gi\u00e1m \u0111\u1ed1c Chi\u1ebfn l\u01b0\u1ee3c c\u1ee7a H\u1ec7 sinh th\u00e1i VNPT AI, m\u1ed9t trong nh\u1eefng h\u1ec7 sinh th\u00e1i s\u1ea3n ph\u1ea9m d\u1ecbch v\u1ee5 CNTT ph\u00e1t tri\u1ec3n nhanh nh\u1ea5t c\u1ee7a VNPT.<br \/>\n\u00d4ng c\u00f3 10 n\u0103m kinh nghi\u1ec7m trong l\u0129nh v\u1ef1c c\u00f4ng ngh\u1ec7 th\u00f4ng tin, trong \u0111\u00f3 c\u00f3 kinh nghi\u1ec7m c\u00f4ng t\u00e1c t\u1ea1i c\u00f4ng ty s\u1ed1 1 v\u1ec1 gi\u1ea3i ph\u00e1p qu\u1ea3n tr\u1ecb doanh nghi\u1ec7p (ERP) c\u1ee7a Nh\u1eadt b\u1ea3n l\u00e0 Works Applications, Works Human-Intelligence.<br \/>\n\u00d4ng H\u01b0ng ho\u00e0n th\u00e0nh b\u1eb1ng th\u1ea1c s\u0129 v\u00e0 ti\u1ebfn s\u0129 v\u1ec1 C\u00f4ng ngh\u1ec7 th\u00f4ng tin t\u1ea1i tr\u01b0\u1eddng \u0111\u1ea1i h\u1ecdc Aizu, Nh\u1eadt B\u1ea3n. \u00d4ng t\u1eebng \u0111\u1ea3m nh\u1eadn v\u1ecb tr\u00ed tr\u01b0\u1edfng nh\u00f3m nghi\u00ean c\u1ee9u v\u1ec1 c\u00f4ng ngh\u1ec7 n\u00e9n v\u00e0 truy\u1ec1n d\u1eabn video qua m\u1ea1ng Internet. Nh\u00f3m nghi\u00ean c\u1ee9u \u0111\u00e3 cho c\u00f4ng b\u1ed1 h\u01a1n 10 c\u00f4ng tr\u00ecnh nghi\u00ean c\u1ee9u khoa h\u1ecdc c\u00f3 ch\u1ea5t l\u01b0\u1ee3ng v\u00e0 h\u01a1n 500 l\u01b0\u1ee3t tr\u00edch d\u1eabn.<\/p>\n<div class=\"text-center\"><div class=\"is-divider divider clearfix\" style=\"max-width:30%;height:2px;background-color:rgb(218, 80, 3);\"><\/div><\/div><!-- .divider -->\n<\/div><\/div>\n\n<style scope=\"scope\">\n\n<\/style>\n<\/div>\n\t\t<\/div><!-- .section-content -->\n\n\t\t\n<style scope=\"scope\">\n\n#section_376418108 {\n  padding-top: 40px;\n  padding-bottom: 40px;\n}\n<\/style>\n\t<\/section>\n\t\n","protected":false},"excerpt":{"rendered":"","protected":false},"author":4,"featured_media":0,"parent":0,"menu_order":0,"comment_status":"closed","ping_status":"closed","template":"page-blank.php","meta":{"footnotes":""},"yoast_head":"<!-- This site is optimized with the Yoast SEO plugin v22.8 - https:\/\/yoast.com\/wordpress\/plugins\/seo\/ -->\n<title>\u00d4ng L\u00ea Th\u00e1i H\u01b0ng - 3rd Vietnam Digital Finance 2024<\/title>\n<meta name=\"robots\" content=\"noindex, follow, max-snippet:-1, max-image-preview:large, max-video-preview:-1\" \/>\n<meta property=\"og:locale\" content=\"vi_VN\" \/>\n<meta property=\"og:type\" content=\"article\" \/>\n<meta property=\"og:title\" content=\"\u00d4ng L\u00ea Th\u00e1i H\u01b0ng - 3rd Vietnam Digital Finance 2024\" \/>\n<meta property=\"og:url\" content=\"https:\/\/digitalfinance.org.vn\/2024\/ong-le-thai-hung\/\" \/>\n<meta property=\"og:site_name\" content=\"3rd Vietnam Digital Finance 2024\" \/>\n<meta property=\"article:modified_time\" content=\"2024-09-18T10:41:05+00:00\" \/>\n<meta name=\"twitter:card\" content=\"summary_large_image\" \/>\n<meta name=\"twitter:label1\" content=\"Est. reading time\" \/>\n\t<meta name=\"twitter:data1\" content=\"3 minutes\" \/>\n<script type=\"application\/ld+json\" class=\"yoast-schema-graph\">{\"@context\":\"https:\/\/schema.org\",\"@graph\":[{\"@type\":\"WebPage\",\"@id\":\"https:\/\/digitalfinance.org.vn\/2024\/ong-le-thai-hung\/\",\"url\":\"https:\/\/digitalfinance.org.vn\/2024\/ong-le-thai-hung\/\",\"name\":\"\u00d4ng L\u00ea Th\u00e1i H\u01b0ng - 3rd Vietnam Digital Finance 2024\",\"isPartOf\":{\"@id\":\"https:\/\/digitalfinance.org.vn\/2024\/#website\"},\"datePublished\":\"2023-09-06T05:16:00+00:00\",\"dateModified\":\"2024-09-18T10:41:05+00:00\",\"inLanguage\":\"vi-VN\",\"potentialAction\":[{\"@type\":\"ReadAction\",\"target\":[\"https:\/\/digitalfinance.org.vn\/2024\/ong-le-thai-hung\/\"]}]},{\"@type\":\"WebSite\",\"@id\":\"https:\/\/digitalfinance.org.vn\/2024\/#website\",\"url\":\"https:\/\/digitalfinance.org.vn\/2024\/\",\"name\":\"3rd Vietnam Digital Finance 2024\",\"description\":\"\",\"potentialAction\":[{\"@type\":\"SearchAction\",\"target\":{\"@type\":\"EntryPoint\",\"urlTemplate\":\"https:\/\/digitalfinance.org.vn\/2024\/?s={search_term_string}\"},\"query-input\":\"required name=search_term_string\"}],\"inLanguage\":\"vi-VN\"}]}<\/script>\n<!-- \/ Yoast SEO plugin. -->","yoast_head_json":{"title":"\u00d4ng L\u00ea Th\u00e1i H\u01b0ng - 3rd Vietnam Digital Finance 2024","robots":{"index":"noindex","follow":"follow","max-snippet":"max-snippet:-1","max-image-preview":"max-image-preview:large","max-video-preview":"max-video-preview:-1"},"og_locale":"vi_VN","og_type":"article","og_title":"\u00d4ng L\u00ea Th\u00e1i H\u01b0ng - 3rd Vietnam Digital Finance 2024","og_url":"https:\/\/digitalfinance.org.vn\/2024\/ong-le-thai-hung\/","og_site_name":"3rd Vietnam Digital Finance 2024","article_modified_time":"2024-09-18T10:41:05+00:00","twitter_card":"summary_large_image","twitter_misc":{"Est. reading time":"3 minutes"},"schema":{"@context":"https:\/\/schema.org","@graph":[{"@type":"WebPage","@id":"https:\/\/digitalfinance.org.vn\/2024\/ong-le-thai-hung\/","url":"https:\/\/digitalfinance.org.vn\/2024\/ong-le-thai-hung\/","name":"\u00d4ng L\u00ea Th\u00e1i H\u01b0ng - 3rd Vietnam Digital Finance 2024","isPartOf":{"@id":"https:\/\/digitalfinance.org.vn\/2024\/#website"},"datePublished":"2023-09-06T05:16:00+00:00","dateModified":"2024-09-18T10:41:05+00:00","inLanguage":"vi-VN","potentialAction":[{"@type":"ReadAction","target":["https:\/\/digitalfinance.org.vn\/2024\/ong-le-thai-hung\/"]}]},{"@type":"WebSite","@id":"https:\/\/digitalfinance.org.vn\/2024\/#website","url":"https:\/\/digitalfinance.org.vn\/2024\/","name":"3rd Vietnam Digital Finance 2024","description":"","potentialAction":[{"@type":"SearchAction","target":{"@type":"EntryPoint","urlTemplate":"https:\/\/digitalfinance.org.vn\/2024\/?s={search_term_string}"},"query-input":"required name=search_term_string"}],"inLanguage":"vi-VN"}]}},"_links":{"self":[{"href":"https:\/\/digitalfinance.org.vn\/2024\/wp-json\/wp\/v2\/pages\/7162"}],"collection":[{"href":"https:\/\/digitalfinance.org.vn\/2024\/wp-json\/wp\/v2\/pages"}],"about":[{"href":"https:\/\/digitalfinance.org.vn\/2024\/wp-json\/wp\/v2\/types\/page"}],"author":[{"embeddable":true,"href":"https:\/\/digitalfinance.org.vn\/2024\/wp-json\/wp\/v2\/users\/4"}],"replies":[{"embeddable":true,"href":"https:\/\/digitalfinance.org.vn\/2024\/wp-json\/wp\/v2\/comments?post=7162"}],"version-history":[{"count":7,"href":"https:\/\/digitalfinance.org.vn\/2024\/wp-json\/wp\/v2\/pages\/7162\/revisions"}],"predecessor-version":[{"id":9040,"href":"https:\/\/digitalfinance.org.vn\/2024\/wp-json\/wp\/v2\/pages\/7162\/revisions\/9040"}],"wp:attachment":[{"href":"https:\/\/digitalfinance.org.vn\/2024\/wp-json\/wp\/v2\/media?parent=7162"}],"curies":[{"name":"wp","href":"https:\/\/api.w.org\/{rel}","templated":true}]}}