{"id":8849,"date":"2024-09-16T05:28:39","date_gmt":"2024-09-15T22:28:39","guid":{"rendered":"https:\/\/digitalfinance.org.vn\/2024\/?page_id=8849"},"modified":"2024-09-16T05:53:19","modified_gmt":"2024-09-15T22:53:19","slug":"ong-pham-quang-nhat-minh","status":"publish","type":"page","link":"https:\/\/digitalfinance.org.vn\/2024\/ong-pham-quang-nhat-minh\/","title":{"rendered":"\u00d4ng Ph\u1ea1m Quang Nh\u1eadt Minh"},"content":{"rendered":"\t<section class=\"section dark has-parallax\" id=\"section_45456558\">\n\t\t<div class=\"bg section-bg fill bg-fill  \" data-parallax-container=\".section\" data-parallax-background data-parallax=\"-5\">\n\n\t\t\t\n\t\t\t<div class=\"section-bg-overlay absolute fill\"><\/div>\n\t\t\t\n\n\t\t<\/div><!-- .section-bg -->\n\n\t\t<div class=\"section-content relative\">\n\t\t\t\n<div class=\"row\"  id=\"row-436763481\">\n<div class=\"col pb-0 small-12 large-12\"  ><div class=\"col-inner\"  >\n\t<div id=\"gap-591150832\" class=\"gap-element clearfix\" style=\"display:block; height:auto;\">\n\t\t\n<style scope=\"scope\">\n\n#gap-591150832 {\n  padding-top: 20px;\n}\n<\/style>\n\t<\/div>\n\t\n<h3 class=\"ss-title uppercase\">\u00d4ng Ph\u1ea1m Quang Nh\u1eadt Minh<br \/>\n<\/h3>\n<\/div><\/div>\n<\/div>\n\t\t<\/div><!-- .section-content -->\n\n\t\t\n<style scope=\"scope\">\n\n#section_45456558 {\n  padding-top: 60px;\n  padding-bottom: 60px;\n}\n#section_45456558 .section-bg-overlay {\n  background-color: rgba(0, 0, 0, 0.4);\n}\n#section_45456558 .section-bg.bg-loaded {\n  background-image: url(https:\/\/digitalfinance.org.vn\/2024\/wp-content\/uploads\/2023\/07\/footer1.jpg);\n}\n#section_45456558 .section-bg {\n  background-position: 100% 0%;\n}\n<\/style>\n\t<\/section>\n\t\n\t<section class=\"section section-bg-pattern\" id=\"section_164513389\">\n\t\t<div class=\"bg section-bg fill bg-fill  bg-loaded\" >\n\n\t\t\t\n\t\t\t\n\t\t\t\n\n\t\t<\/div><!-- .section-bg -->\n\n\t\t<div class=\"section-content relative\">\n\t\t\t\n<div class=\"row align-center\"  id=\"row-245735177\">\n<div class=\"col medium-3 small-12 large-3\"  ><div class=\"col-inner text-shadow-2\"  >\n    <div class=\"box has-hover has-hover box-bounce box-text-bottom\" >\n\n                  <div class=\"box-image \" >\n           <div class=\"box-image-inner image-cover\" style=\"padding-top:100%;\">\n              <img loading=\"lazy\" decoding=\"async\" width=\"320\" height=\"320\" src=\"https:\/\/digitalfinance.org.vn\/2024\/wp-content\/uploads\/2024\/09\/Tien-si-Pham-Quang-Nhat-Minh.png\" class=\"attachment-original size-original\" alt=\"\" srcset=\"https:\/\/digitalfinance.org.vn\/2024\/wp-content\/uploads\/2024\/09\/Tien-si-Pham-Quang-Nhat-Minh.png 320w, https:\/\/digitalfinance.org.vn\/2024\/wp-content\/uploads\/2024\/09\/Tien-si-Pham-Quang-Nhat-Minh-300x300.png 300w, https:\/\/digitalfinance.org.vn\/2024\/wp-content\/uploads\/2024\/09\/Tien-si-Pham-Quang-Nhat-Minh-150x150.png 150w\" sizes=\"(max-width: 320px) 100vw, 320px\" \/>                         <\/div>\n          <\/div><!-- box-image -->\n         \n          <div class=\"box-text text-center\" style=\"background-color:rgb(255, 255, 255);\">\n                <div class=\"box-text-inner\">\n                  <h4 class=\"uppercase\">\n                    <span class=\"person-name\">\u00d4ng Ph\u1ea1m Quang Nh\u1eadt Minh<\/span><br\/>\n                    <span class=\"person-title is-small thin-font op-7\">\n                      Gi\u00e1m \u0111\u1ed1c Nghi\u00ean c\u1ee9u Ph\u00e1t tri\u1ec3n AI, C\u00f4ng ty TNHH FPT IS                    <\/span>\n                  <\/h4>\n                 <div class=\"social-icons follow-icons\" ><\/div>                 \n                <\/div><!-- box-text-inner -->\n          <\/div><!-- box-text -->\n    <\/div><!-- .box  -->\n\n    \n    \n<\/div><\/div>\n<div class=\"col medium-9 small-12 large-9\"  ><div class=\"col-inner\"  >\n<div class=\"container section-title-container\" ><h3 class=\"section-title section-title-normal\"><b><\/b><span class=\"section-title-main\" style=\"color:rgb(0, 0, 0);\">TI\u1ec2U S\u1eec<\/span><b><\/b><\/h3><\/div><!-- .section-title -->\n<p>Ti\u1ebfn s\u0129 Ph\u1ea1m Quang Nh\u1eadt Minh l\u00e0 Gi\u00e1m \u0111\u1ed1c Nghi\u00ean c\u1ee9u Ph\u00e1t tri\u1ec3n AI, C\u00f4ng ty TNHH FPT IS. \u00d4ng t\u1ed1t nghi\u1ec7p \u0111\u1ea1i h\u1ecdc ng\u00e0nh c\u00f4ng ngh\u1ec7 th\u00f4ng tin t\u1ea1i tr\u01b0\u1eddng \u0110\u1ea1i h\u1ecdc C\u00f4ng ngh\u1ec7, \u0110\u1ea1i h\u1ecdc Qu\u1ed1c gia H\u00e0 N\u1ed9i, Th\u1ea1c s\u0129 v\u00e0 Ti\u1ebfn s\u0129 t\u1ea1i Vi\u1ec7n JAIST, Nh\u1eadt B\u1ea3n. Ti\u1ebfn s\u0129 Ph\u1ea1m Quang Nh\u1eadt Minh l\u00e0 chuy\u00ean gia trong l\u0129nh v\u1ef1c x\u1eed l\u00fd ng\u00f4n ng\u1eef t\u1ef1 nhi\u00ean (NLP), v\u1edbi 17 n\u0103m kinh nghi\u1ec7m nghi\u00ean c\u1ee9u v\u00e0 ph\u00e1t tri\u1ec3n trong m\u00f4i tr\u01b0\u1eddng h\u00e0n l\u00e2m v\u00e0 c\u00f4ng nghi\u1ec7p t\u1ea1i c\u00e1c C\u00f4ng ty CP Aimesoft, C\u00f4ng ty ALT Vi\u1ec7t Nam, Vi\u1ec7n nghi\u00ean c\u1ee9u c\u00f4ng ngh\u1ec7 FPT, Vi\u1ec7n C\u00f4ng ngh\u1ec7 th\u00f4ng tin v\u00e0 Truy\u1ec1n th\u00f4ng Qu\u1ed1c gia Nh\u1eadt B\u1ea3n, NICT. \u00d4ng l\u00e0 t\u00e1c gi\u1ea3 v\u00e0 \u0111\u1ed3ng t\u00e1c gi\u1ea3 c\u1ee7a nhi\u1ec1u b\u00e0i b\u00e1o khoa h\u1ecdc trong l\u0129nh v\u1ef1c x\u1eed l\u00fd ng\u00f4n ng\u1eef t\u1ef1 nhi\u00ean. Ch\u1ee7 \u0111\u1ec1 nghi\u00ean c\u1ee9u c\u1ee7a \u00f4ng hi\u1ec7n t\u1ea1i l\u00e0 v\u1ec1 c\u00e1c m\u00f4 h\u00ecnh ng\u00f4n ng\u1eef l\u1edbn v\u00e0 \u1ee9ng d\u1ee5ng.<\/p>\n<p>\u00a0<\/p>\n<\/div><\/div>\n\n<style scope=\"scope\">\n\n<\/style>\n<\/div>\n\t\t<\/div><!-- .section-content -->\n\n\t\t\n<style scope=\"scope\">\n\n#section_164513389 {\n  padding-top: 40px;\n  padding-bottom: 40px;\n}\n<\/style>\n\t<\/section>\n\t\n","protected":false},"excerpt":{"rendered":"","protected":false},"author":4,"featured_media":0,"parent":0,"menu_order":0,"comment_status":"closed","ping_status":"closed","template":"page-blank.php","meta":{"footnotes":""},"yoast_head":"<!-- This site is optimized with the Yoast SEO plugin v22.8 - https:\/\/yoast.com\/wordpress\/plugins\/seo\/ -->\n<title>\u00d4ng Ph\u1ea1m Quang Nh\u1eadt Minh - 3rd Vietnam Digital Finance 2024<\/title>\n<meta name=\"robots\" content=\"noindex, follow, max-snippet:-1, max-image-preview:large, max-video-preview:-1\" \/>\n<meta property=\"og:locale\" content=\"vi_VN\" \/>\n<meta property=\"og:type\" content=\"article\" \/>\n<meta property=\"og:title\" content=\"\u00d4ng Ph\u1ea1m Quang Nh\u1eadt Minh - 3rd Vietnam Digital Finance 2024\" \/>\n<meta property=\"og:url\" content=\"https:\/\/digitalfinance.org.vn\/2024\/ong-pham-quang-nhat-minh\/\" \/>\n<meta property=\"og:site_name\" content=\"3rd Vietnam Digital Finance 2024\" \/>\n<meta property=\"article:modified_time\" content=\"2024-09-15T22:53:19+00:00\" \/>\n<meta name=\"twitter:card\" content=\"summary_large_image\" \/>\n<meta name=\"twitter:label1\" content=\"Est. reading time\" \/>\n\t<meta name=\"twitter:data1\" content=\"2 minutes\" \/>\n<script type=\"application\/ld+json\" class=\"yoast-schema-graph\">{\"@context\":\"https:\/\/schema.org\",\"@graph\":[{\"@type\":\"WebPage\",\"@id\":\"https:\/\/digitalfinance.org.vn\/2024\/ong-pham-quang-nhat-minh\/\",\"url\":\"https:\/\/digitalfinance.org.vn\/2024\/ong-pham-quang-nhat-minh\/\",\"name\":\"\u00d4ng Ph\u1ea1m Quang Nh\u1eadt Minh - 3rd Vietnam Digital Finance 2024\",\"isPartOf\":{\"@id\":\"https:\/\/digitalfinance.org.vn\/2024\/#website\"},\"datePublished\":\"2024-09-15T22:28:39+00:00\",\"dateModified\":\"2024-09-15T22:53:19+00:00\",\"inLanguage\":\"vi-VN\",\"potentialAction\":[{\"@type\":\"ReadAction\",\"target\":[\"https:\/\/digitalfinance.org.vn\/2024\/ong-pham-quang-nhat-minh\/\"]}]},{\"@type\":\"WebSite\",\"@id\":\"https:\/\/digitalfinance.org.vn\/2024\/#website\",\"url\":\"https:\/\/digitalfinance.org.vn\/2024\/\",\"name\":\"3rd Vietnam Digital Finance 2024\",\"description\":\"\",\"potentialAction\":[{\"@type\":\"SearchAction\",\"target\":{\"@type\":\"EntryPoint\",\"urlTemplate\":\"https:\/\/digitalfinance.org.vn\/2024\/?s={search_term_string}\"},\"query-input\":\"required name=search_term_string\"}],\"inLanguage\":\"vi-VN\"}]}<\/script>\n<!-- \/ Yoast SEO plugin. -->","yoast_head_json":{"title":"\u00d4ng Ph\u1ea1m Quang Nh\u1eadt Minh - 3rd Vietnam Digital Finance 2024","robots":{"index":"noindex","follow":"follow","max-snippet":"max-snippet:-1","max-image-preview":"max-image-preview:large","max-video-preview":"max-video-preview:-1"},"og_locale":"vi_VN","og_type":"article","og_title":"\u00d4ng Ph\u1ea1m Quang Nh\u1eadt Minh - 3rd Vietnam Digital Finance 2024","og_url":"https:\/\/digitalfinance.org.vn\/2024\/ong-pham-quang-nhat-minh\/","og_site_name":"3rd Vietnam Digital Finance 2024","article_modified_time":"2024-09-15T22:53:19+00:00","twitter_card":"summary_large_image","twitter_misc":{"Est. reading time":"2 minutes"},"schema":{"@context":"https:\/\/schema.org","@graph":[{"@type":"WebPage","@id":"https:\/\/digitalfinance.org.vn\/2024\/ong-pham-quang-nhat-minh\/","url":"https:\/\/digitalfinance.org.vn\/2024\/ong-pham-quang-nhat-minh\/","name":"\u00d4ng Ph\u1ea1m Quang Nh\u1eadt Minh - 3rd Vietnam Digital Finance 2024","isPartOf":{"@id":"https:\/\/digitalfinance.org.vn\/2024\/#website"},"datePublished":"2024-09-15T22:28:39+00:00","dateModified":"2024-09-15T22:53:19+00:00","inLanguage":"vi-VN","potentialAction":[{"@type":"ReadAction","target":["https:\/\/digitalfinance.org.vn\/2024\/ong-pham-quang-nhat-minh\/"]}]},{"@type":"WebSite","@id":"https:\/\/digitalfinance.org.vn\/2024\/#website","url":"https:\/\/digitalfinance.org.vn\/2024\/","name":"3rd Vietnam Digital Finance 2024","description":"","potentialAction":[{"@type":"SearchAction","target":{"@type":"EntryPoint","urlTemplate":"https:\/\/digitalfinance.org.vn\/2024\/?s={search_term_string}"},"query-input":"required name=search_term_string"}],"inLanguage":"vi-VN"}]}},"_links":{"self":[{"href":"https:\/\/digitalfinance.org.vn\/2024\/wp-json\/wp\/v2\/pages\/8849"}],"collection":[{"href":"https:\/\/digitalfinance.org.vn\/2024\/wp-json\/wp\/v2\/pages"}],"about":[{"href":"https:\/\/digitalfinance.org.vn\/2024\/wp-json\/wp\/v2\/types\/page"}],"author":[{"embeddable":true,"href":"https:\/\/digitalfinance.org.vn\/2024\/wp-json\/wp\/v2\/users\/4"}],"replies":[{"embeddable":true,"href":"https:\/\/digitalfinance.org.vn\/2024\/wp-json\/wp\/v2\/comments?post=8849"}],"version-history":[{"count":4,"href":"https:\/\/digitalfinance.org.vn\/2024\/wp-json\/wp\/v2\/pages\/8849\/revisions"}],"predecessor-version":[{"id":8874,"href":"https:\/\/digitalfinance.org.vn\/2024\/wp-json\/wp\/v2\/pages\/8849\/revisions\/8874"}],"wp:attachment":[{"href":"https:\/\/digitalfinance.org.vn\/2024\/wp-json\/wp\/v2\/media?parent=8849"}],"curies":[{"name":"wp","href":"https:\/\/api.w.org\/{rel}","templated":true}]}}