{"id":8870,"date":"2024-09-16T05:51:23","date_gmt":"2024-09-15T22:51:23","guid":{"rendered":"https:\/\/digitalfinance.org.vn\/2024\/?page_id=8870"},"modified":"2024-09-16T05:52:15","modified_gmt":"2024-09-15T22:52:15","slug":"ong-trinh-son-hong","status":"publish","type":"page","link":"https:\/\/digitalfinance.org.vn\/2024\/ong-trinh-son-hong\/","title":{"rendered":"\u00d4ng Tr\u1ecbnh S\u01a1n H\u1ed3ng"},"content":{"rendered":"\t<section class=\"section dark has-parallax\" id=\"section_1477090484\">\n\t\t<div class=\"bg section-bg fill bg-fill  \" data-parallax-container=\".section\" data-parallax-background data-parallax=\"-5\">\n\n\t\t\t\n\t\t\t<div class=\"section-bg-overlay absolute fill\"><\/div>\n\t\t\t\n\n\t\t<\/div><!-- .section-bg -->\n\n\t\t<div class=\"section-content relative\">\n\t\t\t\n<div class=\"row\"  id=\"row-850439651\">\n<div class=\"col pb-0 small-12 large-12\"  ><div class=\"col-inner\"  >\n\t<div id=\"gap-565794196\" class=\"gap-element clearfix\" style=\"display:block; height:auto;\">\n\t\t\n<style scope=\"scope\">\n\n#gap-565794196 {\n  padding-top: 20px;\n}\n<\/style>\n\t<\/div>\n\t\n<h3 class=\"ss-title uppercase\">\u00d4ng Tr\u1ecbnh S\u01a1n H\u1ed3ng\n<\/p>\n<\/h3>\n<\/div><\/div>\n<\/div>\n\t\t<\/div><!-- .section-content -->\n\n\t\t\n<style scope=\"scope\">\n\n#section_1477090484 {\n  padding-top: 60px;\n  padding-bottom: 60px;\n}\n#section_1477090484 .section-bg-overlay {\n  background-color: rgba(0, 0, 0, 0.4);\n}\n#section_1477090484 .section-bg.bg-loaded {\n  background-image: url(https:\/\/digitalfinance.org.vn\/2024\/wp-content\/uploads\/2023\/07\/footer1.jpg);\n}\n#section_1477090484 .section-bg {\n  background-position: 100% 0%;\n}\n<\/style>\n\t<\/section>\n\t\n\t<section class=\"section section-bg-pattern\" id=\"section_1985487093\">\n\t\t<div class=\"bg section-bg fill bg-fill  bg-loaded\" >\n\n\t\t\t\n\t\t\t\n\t\t\t\n\n\t\t<\/div><!-- .section-bg -->\n\n\t\t<div class=\"section-content relative\">\n\t\t\t\n<div class=\"row align-center\"  id=\"row-451798024\">\n<div class=\"col medium-3 small-12 large-3\"  ><div class=\"col-inner text-shadow-2\"  >\n    <div class=\"box has-hover has-hover box-bounce box-text-bottom\" >\n\n                  <div class=\"box-image \" >\n           <div class=\"box-image-inner image-cover\" style=\"padding-top:100%;\">\n              <img loading=\"lazy\" decoding=\"async\" width=\"320\" height=\"320\" src=\"https:\/\/digitalfinance.org.vn\/2024\/wp-content\/uploads\/2024\/09\/Mr.-Trinh-Son-Hong.png\" class=\"attachment-original size-original\" alt=\"\" srcset=\"https:\/\/digitalfinance.org.vn\/2024\/wp-content\/uploads\/2024\/09\/Mr.-Trinh-Son-Hong.png 320w, https:\/\/digitalfinance.org.vn\/2024\/wp-content\/uploads\/2024\/09\/Mr.-Trinh-Son-Hong-300x300.png 300w, https:\/\/digitalfinance.org.vn\/2024\/wp-content\/uploads\/2024\/09\/Mr.-Trinh-Son-Hong-150x150.png 150w\" sizes=\"(max-width: 320px) 100vw, 320px\" \/>                         <\/div>\n          <\/div><!-- box-image -->\n         \n          <div class=\"box-text text-center\" style=\"background-color:rgb(255, 255, 255);\">\n                <div class=\"box-text-inner\">\n                  <h4 class=\"uppercase\">\n                    <span class=\"person-name\">\u00d4ng Tr\u1ecbnh S\u01a1n H\u1ed3ng<\/span><br\/>\n                    <span class=\"person-title is-small thin-font op-7\">\n                      Ph\u00f3 V\u1ee5 tr\u01b0\u1edfng, V\u1ee5 Gi\u00e1m s\u00e1t Th\u1ecb tr\u01b0\u1eddng Ch\u1ee9ng kho\u00e1n, U\u1ef7 Ban Ch\u1ee9ng kho\u00e1n nh\u00e0 n\u01b0\u1edbc                    <\/span>\n                  <\/h4>\n                 <div class=\"social-icons follow-icons\" ><\/div>                 \n                <\/div><!-- box-text-inner -->\n          <\/div><!-- box-text -->\n    <\/div><!-- .box  -->\n\n    \n    \n<\/div><\/div>\n<div class=\"col medium-9 small-12 large-9\"  ><div class=\"col-inner\"  >\n<div class=\"container section-title-container\" ><h3 class=\"section-title section-title-normal\"><b><\/b><span class=\"section-title-main\" style=\"color:rgb(0, 0, 0);\">TI\u1ec2U S\u1eec<\/span><b><\/b><\/h3><\/div><!-- .section-title -->\n<p>\u00d4ng Tr\u1ecbnh S\u01a1n H\u1ed3ng t\u1ed1t nghi\u1ec7p Ti\u1ebfn s\u0129 T\u00e0i ch\u00ednh \u2013 ng\u00e2n h\u00e0ng t\u1ea1i \u0110\u1ea1i h\u1ecdc Kinh t\u1ebf &#8211; \u0110\u1ea1i h\u1ecdc Qu\u1ed1c gia H\u00e0 N\u1ed9i. \u00d4ng H\u1ed3ng \u0111\u00e3 c\u00f3 th\u1eddi gian g\u1ea7n 10 n\u0103m c\u00f4ng t\u00e1c trong ng\u00e0nh B\u1ea3o hi\u1ec3m, T\u00e0i ch\u00ednh \u2013 Ch\u1ee9ng kho\u00e1n v\u00e0 c\u00f3 kinh nghi\u1ec7m trong c\u00e1c l\u0129nh v\u1ef1c t\u00e0i ch\u00ednh \u2013 ch\u1ee9ng kho\u00e1n, b\u1ea3o hi\u1ec3m. \u00d4ng H\u1ed3ng \u0111\u00e3 \u0111\u1ea3m nhi\u1ec7m nhi\u1ec1u v\u1ecb tr\u00ed, nhi\u1ec7m v\u1ee5 quan tr\u1ecdng, nh\u01b0 Tr\u01b0\u1edfng ph\u00f2ng t\u1ea1i V\u1ee5 Ki\u1ec3m to\u00e1n n\u1ed9i b\u1ed9 &#8211; B\u1ea3o hi\u1ec3m x\u00e3 h\u1ed9i Vi\u1ec7t Nam, Ph\u00f3 Gi\u00e1m \u0111\u1ed1c BHXH t\u1ec9nh B\u00e0 R\u1ecba \u2013 V\u0169ng T\u00e0u, Ph\u00f3 V\u1ee5 tr\u01b0\u1edfng V\u1ee5 Gi\u00e1m s\u00e1t th\u1ecb tr\u01b0\u1eddng ch\u1ee9ng kho\u00e1n &#8211; UBCKNN.<br \/>Hi\u1ec7n nay, \u00d4ng H\u1ed3ng c\u0169ng tham gia gi\u1ea3ng d\u1ea1y, nghi\u00ean c\u1ee9u t\u1ea1\u1ecb \u0110\u1ea1i h\u1ecdc Kinh t\u1ebf &#8211; \u0110\u1ea1i h\u1ecdc Qu\u1ed1c gia H\u00e0 N\u1ed9i<\/p>\n<\/div><\/div>\n\n<style scope=\"scope\">\n\n<\/style>\n<\/div>\n\t\t<\/div><!-- .section-content -->\n\n\t\t\n<style scope=\"scope\">\n\n#section_1985487093 {\n  padding-top: 40px;\n  padding-bottom: 40px;\n}\n<\/style>\n\t<\/section>\n\t\n","protected":false},"excerpt":{"rendered":"","protected":false},"author":4,"featured_media":0,"parent":0,"menu_order":0,"comment_status":"closed","ping_status":"closed","template":"page-blank.php","meta":{"footnotes":""},"yoast_head":"<!-- This site is optimized with the Yoast SEO plugin v22.8 - https:\/\/yoast.com\/wordpress\/plugins\/seo\/ -->\n<title>\u00d4ng Tr\u1ecbnh S\u01a1n H\u1ed3ng - 3rd Vietnam Digital Finance 2024<\/title>\n<meta name=\"robots\" content=\"noindex, follow, max-snippet:-1, max-image-preview:large, max-video-preview:-1\" \/>\n<meta property=\"og:locale\" content=\"vi_VN\" \/>\n<meta property=\"og:type\" content=\"article\" \/>\n<meta property=\"og:title\" content=\"\u00d4ng Tr\u1ecbnh S\u01a1n H\u1ed3ng - 3rd Vietnam Digital Finance 2024\" \/>\n<meta property=\"og:url\" content=\"https:\/\/digitalfinance.org.vn\/2024\/ong-trinh-son-hong\/\" \/>\n<meta property=\"og:site_name\" content=\"3rd Vietnam Digital Finance 2024\" \/>\n<meta property=\"article:modified_time\" content=\"2024-09-15T22:52:15+00:00\" \/>\n<meta name=\"twitter:card\" content=\"summary_large_image\" \/>\n<script type=\"application\/ld+json\" class=\"yoast-schema-graph\">{\"@context\":\"https:\/\/schema.org\",\"@graph\":[{\"@type\":\"WebPage\",\"@id\":\"https:\/\/digitalfinance.org.vn\/2024\/ong-trinh-son-hong\/\",\"url\":\"https:\/\/digitalfinance.org.vn\/2024\/ong-trinh-son-hong\/\",\"name\":\"\u00d4ng Tr\u1ecbnh S\u01a1n H\u1ed3ng - 3rd Vietnam Digital Finance 2024\",\"isPartOf\":{\"@id\":\"https:\/\/digitalfinance.org.vn\/2024\/#website\"},\"datePublished\":\"2024-09-15T22:51:23+00:00\",\"dateModified\":\"2024-09-15T22:52:15+00:00\",\"inLanguage\":\"vi-VN\",\"potentialAction\":[{\"@type\":\"ReadAction\",\"target\":[\"https:\/\/digitalfinance.org.vn\/2024\/ong-trinh-son-hong\/\"]}]},{\"@type\":\"WebSite\",\"@id\":\"https:\/\/digitalfinance.org.vn\/2024\/#website\",\"url\":\"https:\/\/digitalfinance.org.vn\/2024\/\",\"name\":\"3rd Vietnam Digital Finance 2024\",\"description\":\"\",\"potentialAction\":[{\"@type\":\"SearchAction\",\"target\":{\"@type\":\"EntryPoint\",\"urlTemplate\":\"https:\/\/digitalfinance.org.vn\/2024\/?s={search_term_string}\"},\"query-input\":\"required name=search_term_string\"}],\"inLanguage\":\"vi-VN\"}]}<\/script>\n<!-- \/ Yoast SEO plugin. -->","yoast_head_json":{"title":"\u00d4ng Tr\u1ecbnh S\u01a1n H\u1ed3ng - 3rd Vietnam Digital Finance 2024","robots":{"index":"noindex","follow":"follow","max-snippet":"max-snippet:-1","max-image-preview":"max-image-preview:large","max-video-preview":"max-video-preview:-1"},"og_locale":"vi_VN","og_type":"article","og_title":"\u00d4ng Tr\u1ecbnh S\u01a1n H\u1ed3ng - 3rd Vietnam Digital Finance 2024","og_url":"https:\/\/digitalfinance.org.vn\/2024\/ong-trinh-son-hong\/","og_site_name":"3rd Vietnam Digital Finance 2024","article_modified_time":"2024-09-15T22:52:15+00:00","twitter_card":"summary_large_image","schema":{"@context":"https:\/\/schema.org","@graph":[{"@type":"WebPage","@id":"https:\/\/digitalfinance.org.vn\/2024\/ong-trinh-son-hong\/","url":"https:\/\/digitalfinance.org.vn\/2024\/ong-trinh-son-hong\/","name":"\u00d4ng Tr\u1ecbnh S\u01a1n H\u1ed3ng - 3rd Vietnam Digital Finance 2024","isPartOf":{"@id":"https:\/\/digitalfinance.org.vn\/2024\/#website"},"datePublished":"2024-09-15T22:51:23+00:00","dateModified":"2024-09-15T22:52:15+00:00","inLanguage":"vi-VN","potentialAction":[{"@type":"ReadAction","target":["https:\/\/digitalfinance.org.vn\/2024\/ong-trinh-son-hong\/"]}]},{"@type":"WebSite","@id":"https:\/\/digitalfinance.org.vn\/2024\/#website","url":"https:\/\/digitalfinance.org.vn\/2024\/","name":"3rd Vietnam Digital Finance 2024","description":"","potentialAction":[{"@type":"SearchAction","target":{"@type":"EntryPoint","urlTemplate":"https:\/\/digitalfinance.org.vn\/2024\/?s={search_term_string}"},"query-input":"required name=search_term_string"}],"inLanguage":"vi-VN"}]}},"_links":{"self":[{"href":"https:\/\/digitalfinance.org.vn\/2024\/wp-json\/wp\/v2\/pages\/8870"}],"collection":[{"href":"https:\/\/digitalfinance.org.vn\/2024\/wp-json\/wp\/v2\/pages"}],"about":[{"href":"https:\/\/digitalfinance.org.vn\/2024\/wp-json\/wp\/v2\/types\/page"}],"author":[{"embeddable":true,"href":"https:\/\/digitalfinance.org.vn\/2024\/wp-json\/wp\/v2\/users\/4"}],"replies":[{"embeddable":true,"href":"https:\/\/digitalfinance.org.vn\/2024\/wp-json\/wp\/v2\/comments?post=8870"}],"version-history":[{"count":2,"href":"https:\/\/digitalfinance.org.vn\/2024\/wp-json\/wp\/v2\/pages\/8870\/revisions"}],"predecessor-version":[{"id":8872,"href":"https:\/\/digitalfinance.org.vn\/2024\/wp-json\/wp\/v2\/pages\/8870\/revisions\/8872"}],"wp:attachment":[{"href":"https:\/\/digitalfinance.org.vn\/2024\/wp-json\/wp\/v2\/media?parent=8870"}],"curies":[{"name":"wp","href":"https:\/\/api.w.org\/{rel}","templated":true}]}}